{"id":84,"date":"2018-01-20T08:49:34","date_gmt":"2018-01-20T08:49:34","guid":{"rendered":"https:\/\/terralba.studimedici.org\/?page_id=84"},"modified":"2024-11-29T17:21:19","modified_gmt":"2024-11-29T16:21:19","slug":"dott-gabriele-mulliri","status":"publish","type":"page","link":"https:\/\/terralba.studimedici.org\/index.php\/dott-gabriele-mulliri\/","title":{"rendered":"Dott. Gabriele Mulliri"},"content":{"rendered":"\t\t<div data-elementor-type=\"wp-page\" data-elementor-id=\"84\" class=\"elementor elementor-84\" data-elementor-post-type=\"page\">\n\t\t\t\t\t\t<section class=\"elementor-section elementor-top-section elementor-element elementor-element-5673acd6 elementor-section-boxed elementor-section-height-default elementor-section-height-default\" data-id=\"5673acd6\" data-element_type=\"section\" data-e-type=\"section\" data-settings=\"{&quot;jet_parallax_layout_list&quot;:[]}\">\n\t\t\t\t\t\t<div class=\"elementor-container elementor-column-gap-default\">\n\t\t\t\t\t<div class=\"elementor-column elementor-col-100 elementor-top-column elementor-element elementor-element-2a8062f4\" data-id=\"2a8062f4\" data-element_type=\"column\" data-e-type=\"column\">\n\t\t\t<div class=\"elementor-widget-wrap elementor-element-populated\">\n\t\t\t\t\t\t<div class=\"elementor-element elementor-element-fbe88f8 elementor-widget elementor-widget-text-editor\" data-id=\"fbe88f8\" data-element_type=\"widget\" data-e-type=\"widget\" data-widget_type=\"text-editor.default\">\n\t\t\t\t<div class=\"elementor-widget-container\">\n\t\t\t\t\t\t\t\t\t<p>La Medicina dello Sport \u00e8 una disciplina centrale nella promozione della salute psicofisica e nella prevenzione delle malattie cardiovascolari e dismetaboliche. Attraverso l&#8217;impegno annuale della certificazione sportiva agonistica e non agonistica, il Medico dello Sport verifica costantemente lo stato di salute degli atleti, evidenziando tempestivamente l&#8217;eventuale insorgere di condizioni precliniche o patologiche e offrendo consulenza sul corretto stile di vita per prevenirle.<\/p><p>Nel nostro Centro di Medicina dello Sport visitano i Dottori <a href=\"https:\/\/terralba.studimedici.org\/index.php\/dott-gabriele-mulliri\/\">Gabriele Mulliri<\/a> e <a href=\"https:\/\/terralba.studimedici.org\/index.php\/dott-gianmarco-sainas\/\">Gianmarco Sainas <\/a>\u00a0entrambi specializzati in Medicina dello Sport e fondatori del Centro di Medicina dello Sport <a href=\"https:\/\/www.medicinadellosportcagliari.it\/\">HSM<\/a> di Cagliari.<\/p><p>Le Squadre, Associazioni o Societ\u00e0 Sportive possono fare richiesta di Visite Collettive<\/p><p><span style=\"color: #ff0000;\"><u><b>Pazienti minorenni<\/b><\/u><\/span><\/p><p>I pazienti minorenni devono essere necessariamente accompagnati da uno dei genitori o da chi esercita la potest\u00e0 genitoriale. In caso di impossibilit\u00e0 il paziente minorenne pu\u00f2 essere accompagnato da un adulto munito di delega sottoscritta dal genitore, copia del documento di identit\u00e0 del genitore, documento di identit\u00e0 dell&#8217;accompagnatore e documento di identit\u00e0 del paziente minorenne.\u00a0<br \/>per approfondimenti visita la pagina\u00a0<a style=\"font-family: var( --e-global-typography-text-font-family ), Verdana; font-size: var( --e-global-typography-text-font-size ); font-weight: var( --e-global-typography-text-font-weight ); background-color: #ffffff;\" href=\"https:\/\/terralba.studimedici.org\/index.php\/accesso-2\/\" target=\"_blank\" rel=\"noopener\">Accesso<\/a> dove poter scaricare anche un modulo di delega.<\/p>\t\t\t\t\t\t\t\t<\/div>\n\t\t\t\t<\/div>\n\t\t\t\t\t<\/div>\n\t\t<\/div>\n\t\t\t\t\t<\/div>\n\t\t<\/section>\n\t\t\t\t<section class=\"elementor-section elementor-top-section elementor-element elementor-element-3c95a74 elementor-section-boxed elementor-section-height-default elementor-section-height-default\" data-id=\"3c95a74\" data-element_type=\"section\" data-e-type=\"section\" data-settings=\"{&quot;jet_parallax_layout_list&quot;:[]}\">\n\t\t\t\t\t\t<div class=\"elementor-container elementor-column-gap-default\">\n\t\t\t\t\t<div class=\"elementor-column elementor-col-100 elementor-top-column elementor-element elementor-element-4382ef2\" data-id=\"4382ef2\" data-element_type=\"column\" data-e-type=\"column\">\n\t\t\t<div class=\"elementor-widget-wrap elementor-element-populated\">\n\t\t\t\t\t\t<div class=\"elementor-element elementor-element-f8675de elementor-align-center elementor-widget elementor-widget-button\" data-id=\"f8675de\" data-element_type=\"widget\" data-e-type=\"widget\" data-widget_type=\"button.default\">\n\t\t\t\t<div class=\"elementor-widget-container\">\n\t\t\t\t\t\t\t\t\t<div class=\"elementor-button-wrapper\">\n\t\t\t\t\t<a class=\"elementor-button elementor-button-link elementor-size-md\" href=\"https:\/\/prenota.studimedici.org\/prenota?_post_id=133\">\n\t\t\t\t\t\t<span class=\"elementor-button-content-wrapper\">\n\t\t\t\t\t\t<span class=\"elementor-button-icon\">\n\t\t\t\t<i aria-hidden=\"true\" class=\"fas fa-book-reader\"><\/i>\t\t\t<\/span>\n\t\t\t\t\t\t\t\t\t<span class=\"elementor-button-text\">Prenota<\/span>\n\t\t\t\t\t<\/span>\n\t\t\t\t\t<\/a>\n\t\t\t\t<\/div>\n\t\t\t\t\t\t\t\t<\/div>\n\t\t\t\t<\/div>\n\t\t\t\t\t<\/div>\n\t\t<\/div>\n\t\t\t\t\t<\/div>\n\t\t<\/section>\n\t\t\t\t<\/div>\n\t\t","protected":false},"excerpt":{"rendered":"<p>La Medicina dello Sport \u00e8 una disciplina centrale nella promozione della salute psicofisica e nella prevenzione delle malattie cardiovascolari e dismetaboliche. Attraverso l&#8217;impegno annuale della certificazione sportiva agonistica e non agonistica, il Medico dello Sport verifica costantemente lo stato di salute degli atleti, evidenziando tempestivamente l&#8217;eventuale insorgere di condizioni precliniche o patologiche e offrendo consulenza [&hellip;]<\/p>\n","protected":false},"author":1,"featured_media":297,"parent":0,"menu_order":0,"comment_status":"closed","ping_status":"closed","template":"","meta":{"site-sidebar-layout":"default","site-content-layout":"","ast-site-content-layout":"default","site-content-style":"default","site-sidebar-style":"default","ast-global-header-display":"","ast-banner-title-visibility":"","ast-main-header-display":"","ast-hfb-above-header-display":"","ast-hfb-below-header-display":"","ast-hfb-mobile-header-display":"","site-post-title":"","ast-breadcrumbs-content":"","ast-featured-img":"","footer-sml-layout":"","theme-transparent-header-meta":"","adv-header-id-meta":"","stick-header-meta":"","header-above-stick-meta":"","header-main-stick-meta":"","header-below-stick-meta":"","astra-migrate-meta-layouts":"default","ast-page-background-enabled":"default","ast-page-background-meta":{"desktop":{"background-color":"","background-image":"","background-repeat":"repeat","background-position":"center center","background-size":"auto","background-attachment":"scroll","background-type":"","background-media":"","overlay-type":"","overlay-color":"","overlay-opacity":"","overlay-gradient":""},"tablet":{"background-color":"","background-image":"","background-repeat":"repeat","background-position":"center center","background-size":"auto","background-attachment":"scroll","background-type":"","background-media":"","overlay-type":"","overlay-color":"","overlay-opacity":"","overlay-gradient":""},"mobile":{"background-color":"","background-image":"","background-repeat":"repeat","background-position":"center center","background-size":"auto","background-attachment":"scroll","background-type":"","background-media":"","overlay-type":"","overlay-color":"","overlay-opacity":"","overlay-gradient":""}},"ast-content-background-meta":{"desktop":{"background-color":"var(--ast-global-color-5)","background-image":"","background-repeat":"repeat","background-position":"center center","background-size":"auto","background-attachment":"scroll","background-type":"","background-media":"","overlay-type":"","overlay-color":"","overlay-opacity":"","overlay-gradient":""},"tablet":{"background-color":"var(--ast-global-color-5)","background-image":"","background-repeat":"repeat","background-position":"center center","background-size":"auto","background-attachment":"scroll","background-type":"","background-media":"","overlay-type":"","overlay-color":"","overlay-opacity":"","overlay-gradient":""},"mobile":{"background-color":"var(--ast-global-color-5)","background-image":"","background-repeat":"repeat","background-position":"center center","background-size":"auto","background-attachment":"scroll","background-type":"","background-media":"","overlay-type":"","overlay-color":"","overlay-opacity":"","overlay-gradient":""}},"_jet_sm_ready_style":"","_jet_sm_style":"","_jet_sm_controls_values":"","_jet_sm_fonts_collection":"","_jet_sm_fonts_links":"","footnotes":""},"class_list":["post-84","page","type-page","status-publish","has-post-thumbnail","hentry"],"ams_acf":[],"yoast_head":"<!-- This site is optimized with the Yoast SEO plugin v27.4 - https:\/\/yoast.com\/product\/yoast-seo-wordpress\/ -->\n<title>Dott. Gabriele Mulliri - Studi Medici<\/title>\n<meta name=\"robots\" content=\"index, follow, max-snippet:-1, max-image-preview:large, max-video-preview:-1\" \/>\n<link rel=\"canonical\" href=\"https:\/\/terralba.studimedici.org\/index.php\/dott-gabriele-mulliri\/\" \/>\n<meta property=\"og:locale\" content=\"it_IT\" \/>\n<meta property=\"og:type\" content=\"article\" \/>\n<meta property=\"og:title\" content=\"Dott. Gabriele Mulliri - Studi Medici\" \/>\n<meta property=\"og:description\" content=\"La Medicina dello Sport \u00e8 una disciplina centrale nella promozione della salute psicofisica e nella prevenzione delle malattie cardiovascolari e dismetaboliche. Attraverso l&#8217;impegno annuale della certificazione sportiva agonistica e non agonistica, il Medico dello Sport verifica costantemente lo stato di salute degli atleti, evidenziando tempestivamente l&#8217;eventuale insorgere di condizioni precliniche o patologiche e offrendo consulenza [&hellip;]\" \/>\n<meta property=\"og:url\" content=\"https:\/\/terralba.studimedici.org\/index.php\/dott-gabriele-mulliri\/\" \/>\n<meta property=\"og:site_name\" content=\"Studi Medici\" \/>\n<meta property=\"article:publisher\" content=\"http:\/\/facebook.com\/studimedici\" \/>\n<meta property=\"article:modified_time\" content=\"2024-11-29T16:21:19+00:00\" \/>\n<meta property=\"og:image\" content=\"https:\/\/terralba.studimedici.org\/wp-content\/uploads\/2018\/03\/mullirilq-scaled.jpg\" \/>\n\t<meta property=\"og:image:width\" content=\"4032\" \/>\n\t<meta property=\"og:image:height\" content=\"2292\" \/>\n\t<meta property=\"og:image:type\" content=\"image\/jpeg\" \/>\n<meta name=\"twitter:card\" content=\"summary_large_image\" \/>\n<meta name=\"twitter:site\" content=\"@StudiMedici\" \/>\n<meta name=\"twitter:label1\" content=\"Tempo di lettura stimato\" \/>\n\t<meta name=\"twitter:data1\" content=\"1 minuto\" \/>\n<script type=\"application\/ld+json\" class=\"yoast-schema-graph\">{\"@context\":\"https:\\\/\\\/schema.org\",\"@graph\":[{\"@type\":\"WebPage\",\"@id\":\"https:\\\/\\\/terralba.studimedici.org\\\/index.php\\\/dott-gabriele-mulliri\\\/\",\"url\":\"https:\\\/\\\/terralba.studimedici.org\\\/index.php\\\/dott-gabriele-mulliri\\\/\",\"name\":\"Dott. Gabriele Mulliri - Studi Medici\",\"isPartOf\":{\"@id\":\"https:\\\/\\\/terralba.studimedici.org\\\/#website\"},\"primaryImageOfPage\":{\"@id\":\"https:\\\/\\\/terralba.studimedici.org\\\/index.php\\\/dott-gabriele-mulliri\\\/#primaryimage\"},\"image\":{\"@id\":\"https:\\\/\\\/terralba.studimedici.org\\\/index.php\\\/dott-gabriele-mulliri\\\/#primaryimage\"},\"thumbnailUrl\":\"https:\\\/\\\/terralba.studimedici.org\\\/wp-content\\\/uploads\\\/2018\\\/03\\\/mullirilq-scaled.jpg\",\"datePublished\":\"2018-01-20T08:49:34+00:00\",\"dateModified\":\"2024-11-29T16:21:19+00:00\",\"breadcrumb\":{\"@id\":\"https:\\\/\\\/terralba.studimedici.org\\\/index.php\\\/dott-gabriele-mulliri\\\/#breadcrumb\"},\"inLanguage\":\"it-IT\",\"potentialAction\":[{\"@type\":\"ReadAction\",\"target\":[\"https:\\\/\\\/terralba.studimedici.org\\\/index.php\\\/dott-gabriele-mulliri\\\/\"]}]},{\"@type\":\"ImageObject\",\"inLanguage\":\"it-IT\",\"@id\":\"https:\\\/\\\/terralba.studimedici.org\\\/index.php\\\/dott-gabriele-mulliri\\\/#primaryimage\",\"url\":\"https:\\\/\\\/terralba.studimedici.org\\\/wp-content\\\/uploads\\\/2018\\\/03\\\/mullirilq-scaled.jpg\",\"contentUrl\":\"https:\\\/\\\/terralba.studimedici.org\\\/wp-content\\\/uploads\\\/2018\\\/03\\\/mullirilq-scaled.jpg\",\"width\":4032,\"height\":2292},{\"@type\":\"BreadcrumbList\",\"@id\":\"https:\\\/\\\/terralba.studimedici.org\\\/index.php\\\/dott-gabriele-mulliri\\\/#breadcrumb\",\"itemListElement\":[{\"@type\":\"ListItem\",\"position\":1,\"name\":\"Home\",\"item\":\"https:\\\/\\\/terralba.studimedici.org\\\/\"},{\"@type\":\"ListItem\",\"position\":2,\"name\":\"Dott. Gabriele Mulliri\"}]},{\"@type\":\"WebSite\",\"@id\":\"https:\\\/\\\/terralba.studimedici.org\\\/#website\",\"url\":\"https:\\\/\\\/terralba.studimedici.org\\\/\",\"name\":\"Studi Medici Terralba\",\"description\":\"Medici Terralba Studi Medici\",\"publisher\":{\"@id\":\"https:\\\/\\\/terralba.studimedici.org\\\/#organization\"},\"potentialAction\":[{\"@type\":\"SearchAction\",\"target\":{\"@type\":\"EntryPoint\",\"urlTemplate\":\"https:\\\/\\\/terralba.studimedici.org\\\/?s={search_term_string}\"},\"query-input\":{\"@type\":\"PropertyValueSpecification\",\"valueRequired\":true,\"valueName\":\"search_term_string\"}}],\"inLanguage\":\"it-IT\"},{\"@type\":\"Organization\",\"@id\":\"https:\\\/\\\/terralba.studimedici.org\\\/#organization\",\"name\":\"STUDI MEDICI\",\"url\":\"https:\\\/\\\/terralba.studimedici.org\\\/\",\"logo\":{\"@type\":\"ImageObject\",\"inLanguage\":\"it-IT\",\"@id\":\"https:\\\/\\\/terralba.studimedici.org\\\/#\\\/schema\\\/logo\\\/image\\\/\",\"url\":\"https:\\\/\\\/i1.wp.com\\\/terralba.studimedici.org\\\/wp-content\\\/uploads\\\/2018\\\/01\\\/cropped-LOGOSMg.png?fit=248%2C37&ssl=1\",\"contentUrl\":\"https:\\\/\\\/i1.wp.com\\\/terralba.studimedici.org\\\/wp-content\\\/uploads\\\/2018\\\/01\\\/cropped-LOGOSMg.png?fit=248%2C37&ssl=1\",\"width\":248,\"height\":37,\"caption\":\"STUDI MEDICI\"},\"image\":{\"@id\":\"https:\\\/\\\/terralba.studimedici.org\\\/#\\\/schema\\\/logo\\\/image\\\/\"},\"sameAs\":[\"http:\\\/\\\/facebook.com\\\/studimedici\",\"https:\\\/\\\/x.com\\\/StudiMedici\"]}]}<\/script>\n<!-- \/ Yoast SEO plugin. -->","yoast_head_json":{"title":"Dott. Gabriele Mulliri - Studi Medici","robots":{"index":"index","follow":"follow","max-snippet":"max-snippet:-1","max-image-preview":"max-image-preview:large","max-video-preview":"max-video-preview:-1"},"canonical":"https:\/\/terralba.studimedici.org\/index.php\/dott-gabriele-mulliri\/","og_locale":"it_IT","og_type":"article","og_title":"Dott. Gabriele Mulliri - Studi Medici","og_description":"La Medicina dello Sport \u00e8 una disciplina centrale nella promozione della salute psicofisica e nella prevenzione delle malattie cardiovascolari e dismetaboliche. Attraverso l&#8217;impegno annuale della certificazione sportiva agonistica e non agonistica, il Medico dello Sport verifica costantemente lo stato di salute degli atleti, evidenziando tempestivamente l&#8217;eventuale insorgere di condizioni precliniche o patologiche e offrendo consulenza [&hellip;]","og_url":"https:\/\/terralba.studimedici.org\/index.php\/dott-gabriele-mulliri\/","og_site_name":"Studi Medici","article_publisher":"http:\/\/facebook.com\/studimedici","article_modified_time":"2024-11-29T16:21:19+00:00","og_image":[{"width":4032,"height":2292,"url":"https:\/\/terralba.studimedici.org\/wp-content\/uploads\/2018\/03\/mullirilq-scaled.jpg","type":"image\/jpeg"}],"twitter_card":"summary_large_image","twitter_site":"@StudiMedici","twitter_misc":{"Tempo di lettura stimato":"1 minuto"},"schema":{"@context":"https:\/\/schema.org","@graph":[{"@type":"WebPage","@id":"https:\/\/terralba.studimedici.org\/index.php\/dott-gabriele-mulliri\/","url":"https:\/\/terralba.studimedici.org\/index.php\/dott-gabriele-mulliri\/","name":"Dott. Gabriele Mulliri - Studi Medici","isPartOf":{"@id":"https:\/\/terralba.studimedici.org\/#website"},"primaryImageOfPage":{"@id":"https:\/\/terralba.studimedici.org\/index.php\/dott-gabriele-mulliri\/#primaryimage"},"image":{"@id":"https:\/\/terralba.studimedici.org\/index.php\/dott-gabriele-mulliri\/#primaryimage"},"thumbnailUrl":"https:\/\/terralba.studimedici.org\/wp-content\/uploads\/2018\/03\/mullirilq-scaled.jpg","datePublished":"2018-01-20T08:49:34+00:00","dateModified":"2024-11-29T16:21:19+00:00","breadcrumb":{"@id":"https:\/\/terralba.studimedici.org\/index.php\/dott-gabriele-mulliri\/#breadcrumb"},"inLanguage":"it-IT","potentialAction":[{"@type":"ReadAction","target":["https:\/\/terralba.studimedici.org\/index.php\/dott-gabriele-mulliri\/"]}]},{"@type":"ImageObject","inLanguage":"it-IT","@id":"https:\/\/terralba.studimedici.org\/index.php\/dott-gabriele-mulliri\/#primaryimage","url":"https:\/\/terralba.studimedici.org\/wp-content\/uploads\/2018\/03\/mullirilq-scaled.jpg","contentUrl":"https:\/\/terralba.studimedici.org\/wp-content\/uploads\/2018\/03\/mullirilq-scaled.jpg","width":4032,"height":2292},{"@type":"BreadcrumbList","@id":"https:\/\/terralba.studimedici.org\/index.php\/dott-gabriele-mulliri\/#breadcrumb","itemListElement":[{"@type":"ListItem","position":1,"name":"Home","item":"https:\/\/terralba.studimedici.org\/"},{"@type":"ListItem","position":2,"name":"Dott. Gabriele Mulliri"}]},{"@type":"WebSite","@id":"https:\/\/terralba.studimedici.org\/#website","url":"https:\/\/terralba.studimedici.org\/","name":"Studi Medici Terralba","description":"Medici Terralba Studi Medici","publisher":{"@id":"https:\/\/terralba.studimedici.org\/#organization"},"potentialAction":[{"@type":"SearchAction","target":{"@type":"EntryPoint","urlTemplate":"https:\/\/terralba.studimedici.org\/?s={search_term_string}"},"query-input":{"@type":"PropertyValueSpecification","valueRequired":true,"valueName":"search_term_string"}}],"inLanguage":"it-IT"},{"@type":"Organization","@id":"https:\/\/terralba.studimedici.org\/#organization","name":"STUDI MEDICI","url":"https:\/\/terralba.studimedici.org\/","logo":{"@type":"ImageObject","inLanguage":"it-IT","@id":"https:\/\/terralba.studimedici.org\/#\/schema\/logo\/image\/","url":"https:\/\/i1.wp.com\/terralba.studimedici.org\/wp-content\/uploads\/2018\/01\/cropped-LOGOSMg.png?fit=248%2C37&ssl=1","contentUrl":"https:\/\/i1.wp.com\/terralba.studimedici.org\/wp-content\/uploads\/2018\/01\/cropped-LOGOSMg.png?fit=248%2C37&ssl=1","width":248,"height":37,"caption":"STUDI MEDICI"},"image":{"@id":"https:\/\/terralba.studimedici.org\/#\/schema\/logo\/image\/"},"sameAs":["http:\/\/facebook.com\/studimedici","https:\/\/x.com\/StudiMedici"]}]}},"_links":{"self":[{"href":"https:\/\/terralba.studimedici.org\/index.php\/wp-json\/wp\/v2\/pages\/84","targetHints":{"allow":["GET"]}}],"collection":[{"href":"https:\/\/terralba.studimedici.org\/index.php\/wp-json\/wp\/v2\/pages"}],"about":[{"href":"https:\/\/terralba.studimedici.org\/index.php\/wp-json\/wp\/v2\/types\/page"}],"author":[{"embeddable":true,"href":"https:\/\/terralba.studimedici.org\/index.php\/wp-json\/wp\/v2\/users\/1"}],"replies":[{"embeddable":true,"href":"https:\/\/terralba.studimedici.org\/index.php\/wp-json\/wp\/v2\/comments?post=84"}],"version-history":[{"count":19,"href":"https:\/\/terralba.studimedici.org\/index.php\/wp-json\/wp\/v2\/pages\/84\/revisions"}],"predecessor-version":[{"id":8581,"href":"https:\/\/terralba.studimedici.org\/index.php\/wp-json\/wp\/v2\/pages\/84\/revisions\/8581"}],"wp:featuredmedia":[{"embeddable":true,"href":"https:\/\/terralba.studimedici.org\/index.php\/wp-json\/wp\/v2\/media\/297"}],"wp:attachment":[{"href":"https:\/\/terralba.studimedici.org\/index.php\/wp-json\/wp\/v2\/media?parent=84"}],"curies":[{"name":"wp","href":"https:\/\/api.w.org\/{rel}","templated":true}]}}