{"id":88,"date":"2018-01-20T09:49:34","date_gmt":"2018-01-20T08:49:34","guid":{"rendered":"https:\/\/terralba.studimedici.org\/?page_id=88"},"modified":"2023-07-14T18:02:43","modified_gmt":"2023-07-14T16:02:43","slug":"dott-pier-paolo-bassareo","status":"publish","type":"page","link":"https:\/\/terralba.studimedici.org\/index.php\/dott-pier-paolo-bassareo\/","title":{"rendered":"Prof. Dott. Pier Paolo Bassareo"},"content":{"rendered":"\t\t<div data-elementor-type=\"wp-page\" data-elementor-id=\"88\" class=\"elementor elementor-88\" data-elementor-post-type=\"page\">\n\t\t\t\t\t\t<section class=\"elementor-section elementor-top-section elementor-element elementor-element-6da55f60 elementor-section-boxed elementor-section-height-default elementor-section-height-default\" data-id=\"6da55f60\" data-element_type=\"section\" data-e-type=\"section\" data-settings=\"{&quot;jet_parallax_layout_list&quot;:[]}\">\n\t\t\t\t\t\t<div class=\"elementor-container elementor-column-gap-default\">\n\t\t\t\t\t<div class=\"elementor-column elementor-col-100 elementor-top-column elementor-element elementor-element-24a3580c\" data-id=\"24a3580c\" data-element_type=\"column\" data-e-type=\"column\">\n\t\t\t<div class=\"elementor-widget-wrap elementor-element-populated\">\n\t\t\t\t\t\t<div class=\"elementor-element elementor-element-3e1b5f1b elementor-widget elementor-widget-text-editor\" data-id=\"3e1b5f1b\" data-element_type=\"widget\" data-e-type=\"widget\" data-widget_type=\"text-editor.default\">\n\t\t\t\t<div class=\"elementor-widget-container\">\n\t\t\t\t\t\t\t\t\t\n<p>Laureato alla Universit\u00e0 degli studi di Cagliari &#8211; Facolta di Medicina e Chirurgia<\/p>\n\n<p>Specializzato in Cardiologia presso Universit\u00e0 degli Studi di Cagliari<\/p>\n\n<p>Master universitario di II livello presso Universit\u00e0 Degli Studi di Bologna: &#8220;Cardiologia Pediatrica e Cardiopatie Congenite&#8221;.<\/p>\n\n<p class=\"has-very-light-gray-color has-vivid-cyan-blue-background-color has-text-color has-background\">Attualmente il Prof. Dott. Pier Paolo Bassareo esercita l&#8217;incarico di <strong>Primario <\/strong>presso la struttura &#8220;<strong>Mater Misericordiae University Hospital of Dublin&#8221;<\/strong>, in Irlanda e insegna presso la <strong>University College Dublin<\/strong> di Dublino &#8211; Irlanda.<\/p>\n\n<p class=\"has-black-color has-text-color has-background has-small-font-size\" style=\"background-color: #99fdee;\"><strong>Per gli Studi Medici \u00e8 responsabile del servizio di TELECARDIOLOGIA (lettura e refertazione a distanza) di ECG &#8211; Holter ECG e Holter Pressorio. Per informazioni contattate la segreteria.<\/strong><\/p>\n\n<p>\u00a0<\/p>\n\t\t\t\t\t\t\t\t<\/div>\n\t\t\t\t<\/div>\n\t\t\t\t\t<\/div>\n\t\t<\/div>\n\t\t\t\t\t<\/div>\n\t\t<\/section>\n\t\t\t\t<section class=\"elementor-section elementor-top-section elementor-element elementor-element-759eb01 elementor-section-boxed elementor-section-height-default elementor-section-height-default\" data-id=\"759eb01\" data-element_type=\"section\" data-e-type=\"section\" data-settings=\"{&quot;jet_parallax_layout_list&quot;:[]}\">\n\t\t\t\t\t\t<div class=\"elementor-container elementor-column-gap-default\">\n\t\t\t\t\t<div class=\"elementor-column elementor-col-100 elementor-top-column elementor-element elementor-element-5229136\" data-id=\"5229136\" data-element_type=\"column\" data-e-type=\"column\">\n\t\t\t<div class=\"elementor-widget-wrap elementor-element-populated\">\n\t\t\t\t\t\t<div class=\"elementor-element elementor-element-87f5244 elementor-hidden-desktop elementor-hidden-tablet elementor-hidden-mobile elementor-widget elementor-widget-heading\" data-id=\"87f5244\" data-element_type=\"widget\" data-e-type=\"widget\" data-widget_type=\"heading.default\">\n\t\t\t\t<div class=\"elementor-widget-container\">\n\t\t\t\t\t<h2 class=\"elementor-heading-title elementor-size-default\">Prossima data 16\/06\/2023 - Prenota subito!<\/h2>\t\t\t\t<\/div>\n\t\t\t\t<\/div>\n\t\t\t\t\t<\/div>\n\t\t<\/div>\n\t\t\t\t\t<\/div>\n\t\t<\/section>\n\t\t\t\t<section class=\"elementor-section elementor-top-section elementor-element elementor-element-6eec224 elementor-section-boxed elementor-section-height-default elementor-section-height-default\" data-id=\"6eec224\" data-element_type=\"section\" data-e-type=\"section\" data-settings=\"{&quot;jet_parallax_layout_list&quot;:[]}\">\n\t\t\t\t\t\t<div class=\"elementor-container elementor-column-gap-default\">\n\t\t\t\t\t<div class=\"elementor-column elementor-col-33 elementor-top-column elementor-element elementor-element-fd0aa33\" data-id=\"fd0aa33\" data-element_type=\"column\" data-e-type=\"column\">\n\t\t\t<div class=\"elementor-widget-wrap elementor-element-populated\">\n\t\t\t\t\t\t<div class=\"elementor-element elementor-element-914b3b7 elementor-widget elementor-widget-jet-button\" data-id=\"914b3b7\" data-element_type=\"widget\" data-e-type=\"widget\" data-widget_type=\"jet-button.default\">\n\t\t\t\t<div class=\"elementor-widget-container\">\n\t\t\t\t\t<div class=\"elementor-jet-button jet-elements\"><div class=\"jet-button__container\">\n\t<a class=\"jet-button__instance jet-button__instance--icon-left hover-effect-0\" href=\"tel:+39078382884\">\n\t\t<div class=\"jet-button__plane jet-button__plane-normal\"><\/div>\n\t\t<div class=\"jet-button__plane jet-button__plane-hover\"><\/div>\n\t\t<div class=\"jet-button__state jet-button__state-normal\">\n\t\t\t<span class=\"jet-button__icon jet-elements-icon\"><i aria-hidden=\"true\" class=\"fas fa-phone-volume\"><\/i><\/span><span class=\"jet-button__label\">Chiama<\/span>\t\t<\/div>\n\t\t<div class=\"jet-button__state jet-button__state-hover\">\n\t\t\t<span class=\"jet-button__icon jet-elements-icon\"><i aria-hidden=\"true\" class=\"fas fa-phone-volume\"><\/i><\/span><span class=\"jet-button__label\">Chiama<\/span>\t\t<\/div>\n\t<\/a>\n<\/div>\n<\/div>\t\t\t\t<\/div>\n\t\t\t\t<\/div>\n\t\t\t\t\t<\/div>\n\t\t<\/div>\n\t\t\t\t<div class=\"elementor-column elementor-col-33 elementor-top-column elementor-element elementor-element-2e2f6fc\" data-id=\"2e2f6fc\" data-element_type=\"column\" data-e-type=\"column\">\n\t\t\t<div class=\"elementor-widget-wrap elementor-element-populated\">\n\t\t\t\t\t\t<div class=\"elementor-element elementor-element-1ede384 elementor-widget elementor-widget-jet-button\" data-id=\"1ede384\" data-element_type=\"widget\" data-e-type=\"widget\" data-widget_type=\"jet-button.default\">\n\t\t\t\t<div class=\"elementor-widget-container\">\n\t\t\t\t\t<div class=\"elementor-jet-button jet-elements\"><div class=\"jet-button__container\">\n\t<a class=\"jet-button__instance jet-button__instance--icon-left hover-effect-1\" href=\"https:\/\/api.whatsapp.com\/send?phone=393518330313&#038;Text=Buongiorno,%20vorrei%20prenotare%20una%20visita%20con%20il%20Dott.%20Pier%20Paolo%20Bassareo...\">\n\t\t<div class=\"jet-button__plane jet-button__plane-normal\"><\/div>\n\t\t<div class=\"jet-button__plane jet-button__plane-hover\"><\/div>\n\t\t<div class=\"jet-button__state jet-button__state-normal\">\n\t\t\t<span class=\"jet-button__icon jet-elements-icon\"><i aria-hidden=\"true\" class=\"fab fa-whatsapp\"><\/i><\/span><span class=\"jet-button__label\">Prenota via WhatsApp<\/span>\t\t<\/div>\n\t\t<div class=\"jet-button__state jet-button__state-hover\">\n\t\t\t<span class=\"jet-button__icon jet-elements-icon\"><i aria-hidden=\"true\" class=\"fab fa-whatsapp\"><\/i><\/span><span class=\"jet-button__label\">Prenota via WhatsApp<\/span>\t\t<\/div>\n\t<\/a>\n<\/div>\n<\/div>\t\t\t\t<\/div>\n\t\t\t\t<\/div>\n\t\t\t\t\t<\/div>\n\t\t<\/div>\n\t\t\t\t<div class=\"elementor-column elementor-col-33 elementor-top-column elementor-element elementor-element-ac937d5\" data-id=\"ac937d5\" data-element_type=\"column\" data-e-type=\"column\">\n\t\t\t<div class=\"elementor-widget-wrap elementor-element-populated\">\n\t\t\t\t\t\t<div class=\"elementor-element elementor-element-5f406f3 elementor-widget elementor-widget-jet-button\" data-id=\"5f406f3\" data-element_type=\"widget\" data-e-type=\"widget\" data-widget_type=\"jet-button.default\">\n\t\t\t\t<div class=\"elementor-widget-container\">\n\t\t\t\t\t<div class=\"elementor-jet-button jet-elements\"><div class=\"jet-button__container\">\n\t<a class=\"jet-button__instance jet-button__instance--icon-left hover-effect-0\" href=\"mailto:info@studimedici.org?subject=Richiesta%20prenotazione%20col%20Cardiologo.&#038;body=Buongiorno,%20vorrei%20prenotare%20un%20appuntamento%20con%20il%20Dott.%20Bassareo.\">\n\t\t<div class=\"jet-button__plane jet-button__plane-normal\"><\/div>\n\t\t<div class=\"jet-button__plane jet-button__plane-hover\"><\/div>\n\t\t<div class=\"jet-button__state jet-button__state-normal\">\n\t\t\t<span class=\"jet-button__icon jet-elements-icon\"><i aria-hidden=\"true\" class=\"fas fa-mail-bulk\"><\/i><\/span><span class=\"jet-button__label\">Prenota via Email<\/span>\t\t<\/div>\n\t\t<div class=\"jet-button__state jet-button__state-hover\">\n\t\t\t<span class=\"jet-button__icon jet-elements-icon\"><i aria-hidden=\"true\" class=\"fas fa-mail-bulk\"><\/i><\/span><span class=\"jet-button__label\">Prenota via Email<\/span>\t\t<\/div>\n\t<\/a>\n<\/div>\n<\/div>\t\t\t\t<\/div>\n\t\t\t\t<\/div>\n\t\t\t\t\t<\/div>\n\t\t<\/div>\n\t\t\t\t\t<\/div>\n\t\t<\/section>\n\t\t\t\t<section class=\"elementor-section elementor-top-section elementor-element elementor-element-82e3097 elementor-section-boxed elementor-section-height-default elementor-section-height-default\" data-id=\"82e3097\" data-element_type=\"section\" data-e-type=\"section\" data-settings=\"{&quot;jet_parallax_layout_list&quot;:[]}\">\n\t\t\t\t\t\t<div class=\"elementor-container elementor-column-gap-default\">\n\t\t\t\t\t<div class=\"elementor-column elementor-col-100 elementor-top-column elementor-element elementor-element-2005c18\" data-id=\"2005c18\" data-element_type=\"column\" data-e-type=\"column\">\n\t\t\t<div class=\"elementor-widget-wrap elementor-element-populated\">\n\t\t\t\t\t\t<div class=\"elementor-element elementor-element-e4bc6ea elementor-widget-divider--view-line elementor-widget elementor-widget-divider\" data-id=\"e4bc6ea\" data-element_type=\"widget\" data-e-type=\"widget\" data-widget_type=\"divider.default\">\n\t\t\t\t<div class=\"elementor-widget-container\">\n\t\t\t\t\t\t\t<div class=\"elementor-divider\">\n\t\t\t<span class=\"elementor-divider-separator\">\n\t\t\t\t\t\t<\/span>\n\t\t<\/div>\n\t\t\t\t\t\t<\/div>\n\t\t\t\t<\/div>\n\t\t\t\t\t<\/div>\n\t\t<\/div>\n\t\t\t\t\t<\/div>\n\t\t<\/section>\n\t\t\t\t<section class=\"elementor-section elementor-top-section elementor-element elementor-element-b9f00b4 elementor-section-boxed elementor-section-height-default elementor-section-height-default\" data-id=\"b9f00b4\" data-element_type=\"section\" data-e-type=\"section\" data-settings=\"{&quot;jet_parallax_layout_list&quot;:[]}\">\n\t\t\t\t\t\t<div class=\"elementor-container elementor-column-gap-default\">\n\t\t\t\t\t<div class=\"elementor-column elementor-col-50 elementor-top-column elementor-element elementor-element-88121cb\" data-id=\"88121cb\" data-element_type=\"column\" data-e-type=\"column\">\n\t\t\t<div class=\"elementor-widget-wrap elementor-element-populated\">\n\t\t\t\t\t\t<div class=\"elementor-element elementor-element-6a75b25 elementor-widget elementor-widget-image\" data-id=\"6a75b25\" data-element_type=\"widget\" data-e-type=\"widget\" data-widget_type=\"image.default\">\n\t\t\t\t<div class=\"elementor-widget-container\">\n\t\t\t\t\t\t\t\t\t\t\t\t\t\t\t<img fetchpriority=\"high\" decoding=\"async\" width=\"1024\" height=\"768\" src=\"https:\/\/terralba.studimedici.org\/wp-content\/uploads\/2023\/06\/dr-bassareo.png\" class=\"attachment-large size-large wp-image-8314\" alt=\"\" srcset=\"https:\/\/terralba.studimedici.org\/wp-content\/uploads\/2023\/06\/dr-bassareo.png 1024w, https:\/\/terralba.studimedici.org\/wp-content\/uploads\/2023\/06\/dr-bassareo-300x225.png 300w, https:\/\/terralba.studimedici.org\/wp-content\/uploads\/2023\/06\/dr-bassareo-768x576.png 768w\" sizes=\"(max-width: 1024px) 100vw, 1024px\" \/>\t\t\t\t\t\t\t\t\t\t\t\t\t\t\t<\/div>\n\t\t\t\t<\/div>\n\t\t\t\t\t<\/div>\n\t\t<\/div>\n\t\t\t\t<div class=\"elementor-column elementor-col-50 elementor-top-column elementor-element elementor-element-dd80222\" data-id=\"dd80222\" data-element_type=\"column\" data-e-type=\"column\">\n\t\t\t<div class=\"elementor-widget-wrap elementor-element-populated\">\n\t\t\t\t\t\t<div class=\"elementor-element elementor-element-edc40d4 elementor-widget elementor-widget-text-editor\" data-id=\"edc40d4\" data-element_type=\"widget\" data-e-type=\"widget\" data-widget_type=\"text-editor.default\">\n\t\t\t\t<div class=\"elementor-widget-container\">\n\t\t\t\t\t\t\t\t\t<p>Il Prof. Dott. Bassareo esegue:<\/p>\n<ul>\n<li>Visita Cardiologica<\/li>\n<li>ECG<\/li>\n<li>Ecocolor Doppler Cardiaco<\/li>\n<li>Visita Cardiologica pediatrica<\/li>\n<li>Holter ECG delle 24\/48 ore<\/li>\n<li>Holter Pressorio<\/li>\n<\/ul>\t\t\t\t\t\t\t\t<\/div>\n\t\t\t\t<\/div>\n\t\t\t\t\t<\/div>\n\t\t<\/div>\n\t\t\t\t\t<\/div>\n\t\t<\/section>\n\t\t\t\t<\/div>\n\t\t","protected":false},"excerpt":{"rendered":"<p>Laureato alla Universit\u00e0 degli studi di Cagliari &#8211; Facolta di Medicina e Chirurgia Specializzato in Cardiologia presso Universit\u00e0 degli Studi di Cagliari Master universitario di II livello presso Universit\u00e0 Degli Studi di Bologna: &#8220;Cardiologia Pediatrica e Cardiopatie Congenite&#8221;. Attualmente il Prof. Dott. Pier Paolo Bassareo esercita l&#8217;incarico di Primario presso la struttura &#8220;Mater Misericordiae University [&hellip;]<\/p>\n","protected":false},"author":1,"featured_media":5638,"parent":0,"menu_order":1,"comment_status":"closed","ping_status":"closed","template":"","meta":{"site-sidebar-layout":"default","site-content-layout":"","ast-site-content-layout":"default","site-content-style":"default","site-sidebar-style":"default","ast-global-header-display":"","ast-banner-title-visibility":"","ast-main-header-display":"","ast-hfb-above-header-display":"","ast-hfb-below-header-display":"","ast-hfb-mobile-header-display":"","site-post-title":"","ast-breadcrumbs-content":"","ast-featured-img":"","footer-sml-layout":"","theme-transparent-header-meta":"","adv-header-id-meta":"","stick-header-meta":"","header-above-stick-meta":"","header-main-stick-meta":"","header-below-stick-meta":"","astra-migrate-meta-layouts":"default","ast-page-background-enabled":"default","ast-page-background-meta":{"desktop":{"background-color":"","background-image":"","background-repeat":"repeat","background-position":"center center","background-size":"auto","background-attachment":"scroll","background-type":"","background-media":"","overlay-type":"","overlay-color":"","overlay-opacity":"","overlay-gradient":""},"tablet":{"background-color":"","background-image":"","background-repeat":"repeat","background-position":"center center","background-size":"auto","background-attachment":"scroll","background-type":"","background-media":"","overlay-type":"","overlay-color":"","overlay-opacity":"","overlay-gradient":""},"mobile":{"background-color":"","background-image":"","background-repeat":"repeat","background-position":"center center","background-size":"auto","background-attachment":"scroll","background-type":"","background-media":"","overlay-type":"","overlay-color":"","overlay-opacity":"","overlay-gradient":""}},"ast-content-background-meta":{"desktop":{"background-color":"var(--ast-global-color-5)","background-image":"","background-repeat":"repeat","background-position":"center center","background-size":"auto","background-attachment":"scroll","background-type":"","background-media":"","overlay-type":"","overlay-color":"","overlay-opacity":"","overlay-gradient":""},"tablet":{"background-color":"var(--ast-global-color-5)","background-image":"","background-repeat":"repeat","background-position":"center center","background-size":"auto","background-attachment":"scroll","background-type":"","background-media":"","overlay-type":"","overlay-color":"","overlay-opacity":"","overlay-gradient":""},"mobile":{"background-color":"var(--ast-global-color-5)","background-image":"","background-repeat":"repeat","background-position":"center center","background-size":"auto","background-attachment":"scroll","background-type":"","background-media":"","overlay-type":"","overlay-color":"","overlay-opacity":"","overlay-gradient":""}},"_jet_sm_ready_style":"","_jet_sm_style":"","_jet_sm_controls_values":"","_jet_sm_fonts_collection":"","_jet_sm_fonts_links":"","footnotes":""},"class_list":["post-88","page","type-page","status-publish","has-post-thumbnail","hentry"],"ams_acf":[],"yoast_head":"<!-- This site is optimized with the Yoast SEO plugin v27.4 - https:\/\/yoast.com\/product\/yoast-seo-wordpress\/ -->\n<title>Prof. Dott. Pier Paolo Bassareo - Studi Medici<\/title>\n<meta name=\"description\" content=\"holter 24 ore, holtrer ecg, holter pressorio, cardiologia, cardiologo, Studi Medici Prof. Dott. Pier Paolo Bassareo\" \/>\n<meta name=\"robots\" content=\"index, follow, max-snippet:-1, max-image-preview:large, max-video-preview:-1\" \/>\n<link rel=\"canonical\" href=\"https:\/\/terralba.studimedici.org\/index.php\/dott-pier-paolo-bassareo\/\" \/>\n<meta property=\"og:locale\" content=\"it_IT\" \/>\n<meta property=\"og:type\" content=\"article\" \/>\n<meta property=\"og:title\" content=\"Dott. Bassareo\" \/>\n<meta property=\"og:description\" content=\"Dott. Pier Paolo Bassareo\" \/>\n<meta property=\"og:url\" content=\"https:\/\/terralba.studimedici.org\/index.php\/dott-pier-paolo-bassareo\/\" \/>\n<meta property=\"og:site_name\" content=\"Studi Medici\" \/>\n<meta property=\"article:publisher\" content=\"http:\/\/facebook.com\/studimedici\" \/>\n<meta property=\"article:modified_time\" content=\"2023-07-14T16:02:43+00:00\" \/>\n<meta property=\"og:image\" content=\"https:\/\/terralba.studimedici.org\/wp-content\/uploads\/2019\/08\/bassareo.jpg\" \/>\n\t<meta property=\"og:image:width\" content=\"225\" \/>\n\t<meta property=\"og:image:height\" content=\"225\" \/>\n\t<meta property=\"og:image:type\" content=\"image\/jpeg\" \/>\n<meta name=\"twitter:card\" content=\"summary_large_image\" \/>\n<meta name=\"twitter:site\" content=\"@StudiMedici\" \/>\n<meta name=\"twitter:label1\" content=\"Tempo di lettura stimato\" \/>\n\t<meta name=\"twitter:data1\" content=\"1 minuto\" \/>\n<script type=\"application\/ld+json\" class=\"yoast-schema-graph\">{\"@context\":\"https:\\\/\\\/schema.org\",\"@graph\":[{\"@type\":\"WebPage\",\"@id\":\"https:\\\/\\\/terralba.studimedici.org\\\/index.php\\\/dott-pier-paolo-bassareo\\\/\",\"url\":\"https:\\\/\\\/terralba.studimedici.org\\\/index.php\\\/dott-pier-paolo-bassareo\\\/\",\"name\":\"Prof. Dott. Pier Paolo Bassareo - Studi Medici\",\"isPartOf\":{\"@id\":\"https:\\\/\\\/terralba.studimedici.org\\\/#website\"},\"primaryImageOfPage\":{\"@id\":\"https:\\\/\\\/terralba.studimedici.org\\\/index.php\\\/dott-pier-paolo-bassareo\\\/#primaryimage\"},\"image\":{\"@id\":\"https:\\\/\\\/terralba.studimedici.org\\\/index.php\\\/dott-pier-paolo-bassareo\\\/#primaryimage\"},\"thumbnailUrl\":\"https:\\\/\\\/terralba.studimedici.org\\\/wp-content\\\/uploads\\\/2021\\\/02\\\/PPB_picture.jpg\",\"datePublished\":\"2018-01-20T08:49:34+00:00\",\"dateModified\":\"2023-07-14T16:02:43+00:00\",\"description\":\"holter 24 ore, holtrer ecg, holter pressorio, cardiologia, cardiologo, Studi Medici Prof. Dott. Pier Paolo Bassareo\",\"breadcrumb\":{\"@id\":\"https:\\\/\\\/terralba.studimedici.org\\\/index.php\\\/dott-pier-paolo-bassareo\\\/#breadcrumb\"},\"inLanguage\":\"it-IT\",\"potentialAction\":[{\"@type\":\"ReadAction\",\"target\":[\"https:\\\/\\\/terralba.studimedici.org\\\/index.php\\\/dott-pier-paolo-bassareo\\\/\"]}]},{\"@type\":\"ImageObject\",\"inLanguage\":\"it-IT\",\"@id\":\"https:\\\/\\\/terralba.studimedici.org\\\/index.php\\\/dott-pier-paolo-bassareo\\\/#primaryimage\",\"url\":\"https:\\\/\\\/terralba.studimedici.org\\\/wp-content\\\/uploads\\\/2021\\\/02\\\/PPB_picture.jpg\",\"contentUrl\":\"https:\\\/\\\/terralba.studimedici.org\\\/wp-content\\\/uploads\\\/2021\\\/02\\\/PPB_picture.jpg\",\"width\":840,\"height\":903},{\"@type\":\"BreadcrumbList\",\"@id\":\"https:\\\/\\\/terralba.studimedici.org\\\/index.php\\\/dott-pier-paolo-bassareo\\\/#breadcrumb\",\"itemListElement\":[{\"@type\":\"ListItem\",\"position\":1,\"name\":\"Home\",\"item\":\"https:\\\/\\\/terralba.studimedici.org\\\/\"},{\"@type\":\"ListItem\",\"position\":2,\"name\":\"Prof. Dott. Pier Paolo Bassareo\"}]},{\"@type\":\"WebSite\",\"@id\":\"https:\\\/\\\/terralba.studimedici.org\\\/#website\",\"url\":\"https:\\\/\\\/terralba.studimedici.org\\\/\",\"name\":\"Studi Medici Terralba\",\"description\":\"Medici Terralba Studi Medici\",\"publisher\":{\"@id\":\"https:\\\/\\\/terralba.studimedici.org\\\/#organization\"},\"potentialAction\":[{\"@type\":\"SearchAction\",\"target\":{\"@type\":\"EntryPoint\",\"urlTemplate\":\"https:\\\/\\\/terralba.studimedici.org\\\/?s={search_term_string}\"},\"query-input\":{\"@type\":\"PropertyValueSpecification\",\"valueRequired\":true,\"valueName\":\"search_term_string\"}}],\"inLanguage\":\"it-IT\"},{\"@type\":\"Organization\",\"@id\":\"https:\\\/\\\/terralba.studimedici.org\\\/#organization\",\"name\":\"STUDI MEDICI\",\"url\":\"https:\\\/\\\/terralba.studimedici.org\\\/\",\"logo\":{\"@type\":\"ImageObject\",\"inLanguage\":\"it-IT\",\"@id\":\"https:\\\/\\\/terralba.studimedici.org\\\/#\\\/schema\\\/logo\\\/image\\\/\",\"url\":\"https:\\\/\\\/i1.wp.com\\\/terralba.studimedici.org\\\/wp-content\\\/uploads\\\/2018\\\/01\\\/cropped-LOGOSMg.png?fit=248%2C37&ssl=1\",\"contentUrl\":\"https:\\\/\\\/i1.wp.com\\\/terralba.studimedici.org\\\/wp-content\\\/uploads\\\/2018\\\/01\\\/cropped-LOGOSMg.png?fit=248%2C37&ssl=1\",\"width\":248,\"height\":37,\"caption\":\"STUDI MEDICI\"},\"image\":{\"@id\":\"https:\\\/\\\/terralba.studimedici.org\\\/#\\\/schema\\\/logo\\\/image\\\/\"},\"sameAs\":[\"http:\\\/\\\/facebook.com\\\/studimedici\",\"https:\\\/\\\/x.com\\\/StudiMedici\"]}]}<\/script>\n<!-- \/ Yoast SEO plugin. -->","yoast_head_json":{"title":"Prof. Dott. Pier Paolo Bassareo - Studi Medici","description":"holter 24 ore, holtrer ecg, holter pressorio, cardiologia, cardiologo, Studi Medici Prof. Dott. Pier Paolo Bassareo","robots":{"index":"index","follow":"follow","max-snippet":"max-snippet:-1","max-image-preview":"max-image-preview:large","max-video-preview":"max-video-preview:-1"},"canonical":"https:\/\/terralba.studimedici.org\/index.php\/dott-pier-paolo-bassareo\/","og_locale":"it_IT","og_type":"article","og_title":"Dott. Bassareo","og_description":"Dott. Pier Paolo Bassareo","og_url":"https:\/\/terralba.studimedici.org\/index.php\/dott-pier-paolo-bassareo\/","og_site_name":"Studi Medici","article_publisher":"http:\/\/facebook.com\/studimedici","article_modified_time":"2023-07-14T16:02:43+00:00","og_image":[{"width":225,"height":225,"url":"https:\/\/terralba.studimedici.org\/wp-content\/uploads\/2019\/08\/bassareo.jpg","type":"image\/jpeg"}],"twitter_card":"summary_large_image","twitter_site":"@StudiMedici","twitter_misc":{"Tempo di lettura stimato":"1 minuto"},"schema":{"@context":"https:\/\/schema.org","@graph":[{"@type":"WebPage","@id":"https:\/\/terralba.studimedici.org\/index.php\/dott-pier-paolo-bassareo\/","url":"https:\/\/terralba.studimedici.org\/index.php\/dott-pier-paolo-bassareo\/","name":"Prof. Dott. Pier Paolo Bassareo - Studi Medici","isPartOf":{"@id":"https:\/\/terralba.studimedici.org\/#website"},"primaryImageOfPage":{"@id":"https:\/\/terralba.studimedici.org\/index.php\/dott-pier-paolo-bassareo\/#primaryimage"},"image":{"@id":"https:\/\/terralba.studimedici.org\/index.php\/dott-pier-paolo-bassareo\/#primaryimage"},"thumbnailUrl":"https:\/\/terralba.studimedici.org\/wp-content\/uploads\/2021\/02\/PPB_picture.jpg","datePublished":"2018-01-20T08:49:34+00:00","dateModified":"2023-07-14T16:02:43+00:00","description":"holter 24 ore, holtrer ecg, holter pressorio, cardiologia, cardiologo, Studi Medici Prof. Dott. Pier Paolo Bassareo","breadcrumb":{"@id":"https:\/\/terralba.studimedici.org\/index.php\/dott-pier-paolo-bassareo\/#breadcrumb"},"inLanguage":"it-IT","potentialAction":[{"@type":"ReadAction","target":["https:\/\/terralba.studimedici.org\/index.php\/dott-pier-paolo-bassareo\/"]}]},{"@type":"ImageObject","inLanguage":"it-IT","@id":"https:\/\/terralba.studimedici.org\/index.php\/dott-pier-paolo-bassareo\/#primaryimage","url":"https:\/\/terralba.studimedici.org\/wp-content\/uploads\/2021\/02\/PPB_picture.jpg","contentUrl":"https:\/\/terralba.studimedici.org\/wp-content\/uploads\/2021\/02\/PPB_picture.jpg","width":840,"height":903},{"@type":"BreadcrumbList","@id":"https:\/\/terralba.studimedici.org\/index.php\/dott-pier-paolo-bassareo\/#breadcrumb","itemListElement":[{"@type":"ListItem","position":1,"name":"Home","item":"https:\/\/terralba.studimedici.org\/"},{"@type":"ListItem","position":2,"name":"Prof. Dott. Pier Paolo Bassareo"}]},{"@type":"WebSite","@id":"https:\/\/terralba.studimedici.org\/#website","url":"https:\/\/terralba.studimedici.org\/","name":"Studi Medici Terralba","description":"Medici Terralba Studi Medici","publisher":{"@id":"https:\/\/terralba.studimedici.org\/#organization"},"potentialAction":[{"@type":"SearchAction","target":{"@type":"EntryPoint","urlTemplate":"https:\/\/terralba.studimedici.org\/?s={search_term_string}"},"query-input":{"@type":"PropertyValueSpecification","valueRequired":true,"valueName":"search_term_string"}}],"inLanguage":"it-IT"},{"@type":"Organization","@id":"https:\/\/terralba.studimedici.org\/#organization","name":"STUDI MEDICI","url":"https:\/\/terralba.studimedici.org\/","logo":{"@type":"ImageObject","inLanguage":"it-IT","@id":"https:\/\/terralba.studimedici.org\/#\/schema\/logo\/image\/","url":"https:\/\/i1.wp.com\/terralba.studimedici.org\/wp-content\/uploads\/2018\/01\/cropped-LOGOSMg.png?fit=248%2C37&ssl=1","contentUrl":"https:\/\/i1.wp.com\/terralba.studimedici.org\/wp-content\/uploads\/2018\/01\/cropped-LOGOSMg.png?fit=248%2C37&ssl=1","width":248,"height":37,"caption":"STUDI MEDICI"},"image":{"@id":"https:\/\/terralba.studimedici.org\/#\/schema\/logo\/image\/"},"sameAs":["http:\/\/facebook.com\/studimedici","https:\/\/x.com\/StudiMedici"]}]}},"_links":{"self":[{"href":"https:\/\/terralba.studimedici.org\/index.php\/wp-json\/wp\/v2\/pages\/88","targetHints":{"allow":["GET"]}}],"collection":[{"href":"https:\/\/terralba.studimedici.org\/index.php\/wp-json\/wp\/v2\/pages"}],"about":[{"href":"https:\/\/terralba.studimedici.org\/index.php\/wp-json\/wp\/v2\/types\/page"}],"author":[{"embeddable":true,"href":"https:\/\/terralba.studimedici.org\/index.php\/wp-json\/wp\/v2\/users\/1"}],"replies":[{"embeddable":true,"href":"https:\/\/terralba.studimedici.org\/index.php\/wp-json\/wp\/v2\/comments?post=88"}],"version-history":[{"count":36,"href":"https:\/\/terralba.studimedici.org\/index.php\/wp-json\/wp\/v2\/pages\/88\/revisions"}],"predecessor-version":[{"id":8373,"href":"https:\/\/terralba.studimedici.org\/index.php\/wp-json\/wp\/v2\/pages\/88\/revisions\/8373"}],"wp:featuredmedia":[{"embeddable":true,"href":"https:\/\/terralba.studimedici.org\/index.php\/wp-json\/wp\/v2\/media\/5638"}],"wp:attachment":[{"href":"https:\/\/terralba.studimedici.org\/index.php\/wp-json\/wp\/v2\/media?parent=88"}],"curies":[{"name":"wp","href":"https:\/\/api.w.org\/{rel}","templated":true}]}}